{"id":11641,"date":"2025-04-03T11:14:20","date_gmt":"2025-04-03T10:14:20","guid":{"rendered":"https:\/\/aga.es\/producto\/wooden-furniture-lock-336\/"},"modified":"2025-04-03T11:14:20","modified_gmt":"2025-04-03T10:14:20","slug":"wooden-furniture-lock-336","status":"publish","type":"product","link":"https:\/\/aga.es\/en\/producto\/wooden-furniture-lock-336\/","title":{"rendered":"Wooden Furniture Lock 336"},"content":{"rendered":"","protected":false},"excerpt":{"rendered":"<p><em>CYLINDERS AND LOCKS<\/em><br \/>\n<a id=\"captura-pdf\" href=\"javascript:void(0);\" target=\"_blank\" rel=\"noopener\"><br \/>\n    <img loading=\"lazy\" decoding=\"async\" class=\"alignnone\" style=\"float: right;\" src=\"https:\/\/aga.es\/wp-content\/uploads\/2022\/07\/pdf.png\" alt=\"\" width=\"32\" height=\"32\"><br \/>\n<\/a><\/p>\n<p>Eccentric cam lock for simultaneously blocking drawers with a door thickness of up to 27 mm. Same code locks (KA) groups options available. <\/p>\n<div class=\"table-res\">\n<table style=\"width: 100%;\">\n<tbody style=\"font-size: 14px;\">\n<tr style=\"height: 23px;\">\n<td style=\"height: 23px; width: 56.9131%; text-align: center;\">KEY TYPE<\/td>\n<td style=\"height: 23px; width: 64.4187%; text-align: center;\">Serie 500\/900 (Standard)<\/td>\n<\/tr>\n<tr style=\"height: 23px;\">\n<td style=\"height: 23px; width: 56.9131%; text-align: center;\">\n  <strong>MATERIAL<\/strong>\n<\/td>\n<td style=\"height: 23px; width: 64.4187%; text-align: center;\">Zamak Cylinder<\/td>\n<\/tr>\n<tr>\n<th style=\"text-align: center;\" rowspan=\"3\">\n  <strong>FINISH<\/strong>\n<\/th>\n<td style=\"text-align: center;\">Croma<\/td>\n<\/tr>\n<tr>\n<td style=\"text-align: center;\">Brass plating<\/td>\n<\/tr>\n<tr>\n<td style=\"text-align: center;\">Black<\/td>\n<\/tr>\n<tr>\n<strong><\/p>\n<th style=\"text-align: center;\" rowspan=\"10\">FEATURES<\/th>\n<p><\/strong><\/p>\n<td style=\"text-align: center;\">L = 30 mm \/ R = 5 mm<\/td>\n<\/tr>\n<tr>\n<td style=\"text-align: center;\">L = 30 mm \/ R = 13 mm<\/td>\n<\/tr>\n<tr>\n<td style=\"text-align: center;\">L = 43 mm \/ R = 27 mm<\/td>\n<\/tr>\n<tr>\n<td style=\"text-align: center;\">A = \u00f8 4 x 14 mm<\/td>\n<\/tr>\n<tr>\n<td style=\"text-align: center;\">A = \u00f8 4 x 65 mm<\/td>\n<\/tr>\n<tr>\n<td style=\"text-align: center;\">A = \u00f8 4 x 70 mm<\/td>\n<\/tr>\n<tr>\n<td style=\"text-align: center;\">A = \u00f8 4 x 77 mm<\/td>\n<\/tr>\n<tr>\n<td style=\"text-align: center;\">A = \u00f8 4 x 100 mm<\/td>\n<\/tr>\n<tr>\n<td style=\"text-align: center;\">No. of Combinations: 208<\/td>\n<\/tr>\n<tr>\n<td style=\"text-align: center;\">Weight (g): 68\/88<\/td>\n<\/tr>\n<tr style=\"height: 23px;\">\n<td style=\"height: 23px; width: 56.9131%; text-align: center;\">\n  <strong>ACCESORIES<\/strong>\n<\/td>\n<td style=\"height: 23px; width: 64.4187%; text-align: center;\">M20 nut<\/td>\n<\/tr>\n<\/tbody>\n<\/table>\n<p>*AGA supplies as standard this model chromium plated with 2 keys and (A = \u00f8 4 x 14 mm)cam.\n<\/div>\n","protected":false},"featured_media":10895,"template":"","meta":[],"product_brand":[],"product_cat":[243,242,246,475],"product_tag":[],"class_list":{"0":"post-11641","1":"product","2":"type-product","3":"status-publish","4":"has-post-thumbnail","6":"product_cat-cylinders-and-locks","7":"product_cat-general-industry","8":"product_cat-locks","9":"product_cat-wooden-furniture-lock","11":"first","12":"instock","13":"shipping-taxable","14":"product-type-simple"},"yoast_head":"<!-- This site is optimized with the Yoast SEO plugin v27.4 - https:\/\/yoast.com\/product\/yoast-seo-wordpress\/ -->\n<title>Wooden Furniture Lock 336 | AGA<\/title>\n<meta name=\"robots\" content=\"index, follow, max-snippet:-1, max-image-preview:large, max-video-preview:-1\" \/>\n<link rel=\"canonical\" href=\"https:\/\/aga.es\/en\/producto\/wooden-furniture-lock-336\/\" \/>\n<meta property=\"og:locale\" content=\"en_US\" \/>\n<meta property=\"og:type\" content=\"article\" \/>\n<meta property=\"og:title\" content=\"Wooden Furniture Lock 336 | AGA\" \/>\n<meta property=\"og:description\" content=\"CYLINDERS AND LOCKS     Eccentric cam lock for simultaneously blocking drawers with a door thickness of up to 27 mm. Same code locks (KA) groups options available.   KEY TYPE Serie 500\/900 (Standard)   MATERIAL Zamak Cylinder   FINISH Croma  Brass plating  Black   FEATURES L = 30 mm \/ R = 5 mm  L = 30 mm \/ R = 13 mm  L = 43 mm \/ R = 27 mm  A = \u00f8 4 x 14 mm  A = \u00f8 4 x 65 mm  A = \u00f8 4 x 70 mm  A = \u00f8 4 x 77 mm  A = \u00f8 4 x 100 mm  No. of Combinations: 208  Weight (g): 68\/88   ACCESORIES M20 nut  *AGA supplies as standard this model chromium plated with 2 keys and (A = \u00f8 4 x 14 mm)cam.\" \/>\n<meta property=\"og:url\" content=\"https:\/\/aga.es\/en\/producto\/wooden-furniture-lock-336\/\" \/>\n<meta property=\"og:site_name\" content=\"AGA\" \/>\n<meta property=\"og:image\" content=\"https:\/\/aga.es\/wp-content\/uploads\/2025\/04\/336.png\" \/>\n\t<meta property=\"og:image:width\" content=\"672\" \/>\n\t<meta property=\"og:image:height\" content=\"662\" \/>\n\t<meta property=\"og:image:type\" content=\"image\/png\" \/>\n<meta name=\"twitter:card\" content=\"summary_large_image\" \/>\n<script type=\"application\/ld+json\" class=\"yoast-schema-graph\">{\"@context\":\"https:\\\/\\\/schema.org\",\"@graph\":[{\"@type\":\"WebPage\",\"@id\":\"https:\\\/\\\/aga.es\\\/en\\\/producto\\\/wooden-furniture-lock-336\\\/\",\"url\":\"https:\\\/\\\/aga.es\\\/en\\\/producto\\\/wooden-furniture-lock-336\\\/\",\"name\":\"Wooden Furniture Lock 336 | AGA\",\"isPartOf\":{\"@id\":\"https:\\\/\\\/aga.es\\\/#website\"},\"primaryImageOfPage\":{\"@id\":\"https:\\\/\\\/aga.es\\\/en\\\/producto\\\/wooden-furniture-lock-336\\\/#primaryimage\"},\"image\":{\"@id\":\"https:\\\/\\\/aga.es\\\/en\\\/producto\\\/wooden-furniture-lock-336\\\/#primaryimage\"},\"thumbnailUrl\":\"https:\\\/\\\/aga.es\\\/wp-content\\\/uploads\\\/2025\\\/04\\\/336.png\",\"datePublished\":\"2025-04-03T10:14:20+00:00\",\"breadcrumb\":{\"@id\":\"https:\\\/\\\/aga.es\\\/en\\\/producto\\\/wooden-furniture-lock-336\\\/#breadcrumb\"},\"inLanguage\":\"en-US\",\"potentialAction\":[{\"@type\":\"ReadAction\",\"target\":[\"https:\\\/\\\/aga.es\\\/en\\\/producto\\\/wooden-furniture-lock-336\\\/\"]}]},{\"@type\":\"ImageObject\",\"inLanguage\":\"en-US\",\"@id\":\"https:\\\/\\\/aga.es\\\/en\\\/producto\\\/wooden-furniture-lock-336\\\/#primaryimage\",\"url\":\"https:\\\/\\\/aga.es\\\/wp-content\\\/uploads\\\/2025\\\/04\\\/336.png\",\"contentUrl\":\"https:\\\/\\\/aga.es\\\/wp-content\\\/uploads\\\/2025\\\/04\\\/336.png\",\"width\":672,\"height\":662},{\"@type\":\"BreadcrumbList\",\"@id\":\"https:\\\/\\\/aga.es\\\/en\\\/producto\\\/wooden-furniture-lock-336\\\/#breadcrumb\",\"itemListElement\":[{\"@type\":\"ListItem\",\"position\":1,\"name\":\"Home\",\"item\":\"https:\\\/\\\/aga.es\\\/en\\\/\"},{\"@type\":\"ListItem\",\"position\":2,\"name\":\"Shop\",\"item\":\"https:\\\/\\\/aga.es\\\/en\\\/shop\\\/\"},{\"@type\":\"ListItem\",\"position\":3,\"name\":\"Wooden Furniture Lock 336\"}]},{\"@type\":\"WebSite\",\"@id\":\"https:\\\/\\\/aga.es\\\/#website\",\"url\":\"https:\\\/\\\/aga.es\\\/\",\"name\":\"AGA\",\"description\":\"La industria de la cerrajer\u00eda\",\"potentialAction\":[{\"@type\":\"SearchAction\",\"target\":{\"@type\":\"EntryPoint\",\"urlTemplate\":\"https:\\\/\\\/aga.es\\\/?s={search_term_string}\"},\"query-input\":{\"@type\":\"PropertyValueSpecification\",\"valueRequired\":true,\"valueName\":\"search_term_string\"}}],\"inLanguage\":\"en-US\"}]}<\/script>\n<!-- \/ Yoast SEO plugin. -->","yoast_head_json":{"title":"Wooden Furniture Lock 336 | AGA","robots":{"index":"index","follow":"follow","max-snippet":"max-snippet:-1","max-image-preview":"max-image-preview:large","max-video-preview":"max-video-preview:-1"},"canonical":"https:\/\/aga.es\/en\/producto\/wooden-furniture-lock-336\/","og_locale":"en_US","og_type":"article","og_title":"Wooden Furniture Lock 336 | AGA","og_description":"CYLINDERS AND LOCKS     Eccentric cam lock for simultaneously blocking drawers with a door thickness of up to 27 mm. Same code locks (KA) groups options available.   KEY TYPE Serie 500\/900 (Standard)   MATERIAL Zamak Cylinder   FINISH Croma  Brass plating  Black   FEATURES L = 30 mm \/ R = 5 mm  L = 30 mm \/ R = 13 mm  L = 43 mm \/ R = 27 mm  A = \u00f8 4 x 14 mm  A = \u00f8 4 x 65 mm  A = \u00f8 4 x 70 mm  A = \u00f8 4 x 77 mm  A = \u00f8 4 x 100 mm  No. of Combinations: 208  Weight (g): 68\/88   ACCESORIES M20 nut  *AGA supplies as standard this model chromium plated with 2 keys and (A = \u00f8 4 x 14 mm)cam.","og_url":"https:\/\/aga.es\/en\/producto\/wooden-furniture-lock-336\/","og_site_name":"AGA","og_image":[{"width":672,"height":662,"url":"https:\/\/aga.es\/wp-content\/uploads\/2025\/04\/336.png","type":"image\/png"}],"twitter_card":"summary_large_image","schema":{"@context":"https:\/\/schema.org","@graph":[{"@type":"WebPage","@id":"https:\/\/aga.es\/en\/producto\/wooden-furniture-lock-336\/","url":"https:\/\/aga.es\/en\/producto\/wooden-furniture-lock-336\/","name":"Wooden Furniture Lock 336 | AGA","isPartOf":{"@id":"https:\/\/aga.es\/#website"},"primaryImageOfPage":{"@id":"https:\/\/aga.es\/en\/producto\/wooden-furniture-lock-336\/#primaryimage"},"image":{"@id":"https:\/\/aga.es\/en\/producto\/wooden-furniture-lock-336\/#primaryimage"},"thumbnailUrl":"https:\/\/aga.es\/wp-content\/uploads\/2025\/04\/336.png","datePublished":"2025-04-03T10:14:20+00:00","breadcrumb":{"@id":"https:\/\/aga.es\/en\/producto\/wooden-furniture-lock-336\/#breadcrumb"},"inLanguage":"en-US","potentialAction":[{"@type":"ReadAction","target":["https:\/\/aga.es\/en\/producto\/wooden-furniture-lock-336\/"]}]},{"@type":"ImageObject","inLanguage":"en-US","@id":"https:\/\/aga.es\/en\/producto\/wooden-furniture-lock-336\/#primaryimage","url":"https:\/\/aga.es\/wp-content\/uploads\/2025\/04\/336.png","contentUrl":"https:\/\/aga.es\/wp-content\/uploads\/2025\/04\/336.png","width":672,"height":662},{"@type":"BreadcrumbList","@id":"https:\/\/aga.es\/en\/producto\/wooden-furniture-lock-336\/#breadcrumb","itemListElement":[{"@type":"ListItem","position":1,"name":"Home","item":"https:\/\/aga.es\/en\/"},{"@type":"ListItem","position":2,"name":"Shop","item":"https:\/\/aga.es\/en\/shop\/"},{"@type":"ListItem","position":3,"name":"Wooden Furniture Lock 336"}]},{"@type":"WebSite","@id":"https:\/\/aga.es\/#website","url":"https:\/\/aga.es\/","name":"AGA","description":"La industria de la cerrajer\u00eda","potentialAction":[{"@type":"SearchAction","target":{"@type":"EntryPoint","urlTemplate":"https:\/\/aga.es\/?s={search_term_string}"},"query-input":{"@type":"PropertyValueSpecification","valueRequired":true,"valueName":"search_term_string"}}],"inLanguage":"en-US"}]}},"_links":{"self":[{"href":"https:\/\/aga.es\/en\/wp-json\/wp\/v2\/product\/11641","targetHints":{"allow":["GET"]}}],"collection":[{"href":"https:\/\/aga.es\/en\/wp-json\/wp\/v2\/product"}],"about":[{"href":"https:\/\/aga.es\/en\/wp-json\/wp\/v2\/types\/product"}],"wp:featuredmedia":[{"embeddable":true,"href":"https:\/\/aga.es\/en\/wp-json\/wp\/v2\/media\/10895"}],"wp:attachment":[{"href":"https:\/\/aga.es\/en\/wp-json\/wp\/v2\/media?parent=11641"}],"wp:term":[{"taxonomy":"product_brand","embeddable":true,"href":"https:\/\/aga.es\/en\/wp-json\/wp\/v2\/product_brand?post=11641"},{"taxonomy":"product_cat","embeddable":true,"href":"https:\/\/aga.es\/en\/wp-json\/wp\/v2\/product_cat?post=11641"},{"taxonomy":"product_tag","embeddable":true,"href":"https:\/\/aga.es\/en\/wp-json\/wp\/v2\/product_tag?post=11641"}],"curies":[{"name":"wp","href":"https:\/\/api.w.org\/{rel}","templated":true}]}}