{"id":5649,"date":"2022-03-30T09:36:20","date_gmt":"2022-03-30T08:36:20","guid":{"rendered":"https:\/\/aga.es\/producto\/cerraduras-con-llave-de-seguridad-546\/"},"modified":"2025-10-28T14:02:44","modified_gmt":"2025-10-28T13:02:44","slug":"cerraduras-con-llave-de-seguridad-546","status":"publish","type":"product","link":"https:\/\/aga.es\/en\/producto\/cerraduras-con-llave-de-seguridad-546\/","title":{"rendered":"Security key deposit lock 546"},"content":{"rendered":"","protected":false},"excerpt":{"rendered":"<p><a id=\"captura-pdf\" href=\"javascript:void(0);\" target=\"_blank\" rel=\"noopener\"><br \/>\n    <img loading=\"lazy\" decoding=\"async\" class=\"alignnone\" style=\"float: right;\" src=\"https:\/\/aga.es\/wp-content\/uploads\/2022\/07\/pdf.png\" alt=\"\" width=\"32\" height=\"32\"><br \/>\n<\/a><\/p>\n<p>Cerradura de doble intervenci\u00f3n para dep\u00f3sitos con 10.5mm de recorrido de palanca. Esta cerradura permite la sustituci\u00f3n del bombillo utilizado por el particular. (Extra\u00edble).  <\/p>\n<ul>\n<li>AGA supplies as standard the lock with 2 keys (AGA-48) for the renter cylinder and without a control key.<\/li>\n<li>Optional with exclusive profile key (AGA-37).<\/li>\n<\/ul>\n<h2>Operation:<\/h2>\n<ul>\n<li>Turn guard key (key retained).<\/li>\n<li>Turn renter key. Lock opened.<\/li>\n<li>Turn guard key to locked position (non key retained).<\/li>\n<li>Turn renter key to locked position (Non key retained). Renter can not open the lock again unless the operation is repeated with guard key.<\/li>\n<\/ul>\n<div class=\"table-res\">\n<table>\n<tbody>\n<tr>\n<th style=\"text-align: left;\"><strong>KEY TYPE<\/strong><\/th>\n<td>AGA-48<\/td>\n<\/tr>\n<tr>\n<th style=\"text-align: left;\"><strong>N\u00ba OF COMBINATIONS (GUARD)<\/strong><\/th>\n<td>200<\/td>\n<\/tr>\n<tr>\n<strong><\/p>\n<th>N\u00ba OF COMBINATIONS (RENTER)<\/th>\n<p><\/strong><\/p>\n<td>1000<\/td>\n<\/tr>\n<tr>\n<th style=\"text-align: left;\"><strong>FINISH<\/strong><\/th>\n<td>ZINC PLATED<\/td>\n<\/tr>\n<tr>\n<th style=\"text-align: left;\"><strong>WEIGHT (grs.)<\/strong><\/th>\n<td>450<\/td>\n<\/tr>\n<\/tbody>\n<\/table>\n<\/div>\n","protected":false},"featured_media":5056,"template":"","meta":[],"product_brand":[],"product_cat":[229,220,231],"product_tag":[],"class_list":{"0":"post-5649","1":"product","2":"type-product","3":"status-publish","4":"has-post-thumbnail","6":"product_cat-deposit-locks","7":"product_cat-high-security-industry","8":"product_cat-security-key-locks","10":"first","11":"instock","12":"shipping-taxable","13":"product-type-simple"},"yoast_head":"<!-- This site is optimized with the Yoast SEO plugin v27.3 - https:\/\/yoast.com\/product\/yoast-seo-wordpress\/ -->\n<title>Security key deposit lock 546 | AGA<\/title>\n<meta name=\"description\" content=\"Double intervention lock for safe deposit boxes with 10,5mm bolt throw. This lock allows the change of renter cylinder.\" \/>\n<meta name=\"robots\" content=\"index, follow, max-snippet:-1, max-image-preview:large, max-video-preview:-1\" \/>\n<link rel=\"canonical\" href=\"https:\/\/aga.es\/en\/producto\/cerraduras-con-llave-de-seguridad-546\/\" \/>\n<meta property=\"og:locale\" content=\"en_US\" \/>\n<meta property=\"og:type\" content=\"article\" \/>\n<meta property=\"og:title\" content=\"Security key deposit lock 546 | AGA\" \/>\n<meta property=\"og:description\" content=\"Double intervention lock for safe deposit boxes with 10,5mm bolt throw. This lock allows the change of renter cylinder.\" \/>\n<meta property=\"og:url\" content=\"https:\/\/aga.es\/en\/producto\/cerraduras-con-llave-de-seguridad-546\/\" \/>\n<meta property=\"og:site_name\" content=\"AGA\" \/>\n<meta property=\"article:modified_time\" content=\"2025-10-28T13:02:44+00:00\" \/>\n<meta property=\"og:image\" content=\"https:\/\/aga.es\/wp-content\/uploads\/2022\/03\/cerraduras-de-deposito-546.jpeg\" \/>\n\t<meta property=\"og:image:width\" content=\"496\" \/>\n\t<meta property=\"og:image:height\" content=\"496\" \/>\n\t<meta property=\"og:image:type\" content=\"image\/jpeg\" \/>\n<meta name=\"twitter:card\" content=\"summary_large_image\" \/>\n<script type=\"application\/ld+json\" class=\"yoast-schema-graph\">{\"@context\":\"https:\\\/\\\/schema.org\",\"@graph\":[{\"@type\":\"WebPage\",\"@id\":\"https:\\\/\\\/aga.es\\\/en\\\/producto\\\/cerraduras-con-llave-de-seguridad-546\\\/\",\"url\":\"https:\\\/\\\/aga.es\\\/en\\\/producto\\\/cerraduras-con-llave-de-seguridad-546\\\/\",\"name\":\"Security key deposit lock 546 | AGA\",\"isPartOf\":{\"@id\":\"https:\\\/\\\/aga.es\\\/#website\"},\"primaryImageOfPage\":{\"@id\":\"https:\\\/\\\/aga.es\\\/en\\\/producto\\\/cerraduras-con-llave-de-seguridad-546\\\/#primaryimage\"},\"image\":{\"@id\":\"https:\\\/\\\/aga.es\\\/en\\\/producto\\\/cerraduras-con-llave-de-seguridad-546\\\/#primaryimage\"},\"thumbnailUrl\":\"https:\\\/\\\/aga.es\\\/wp-content\\\/uploads\\\/2022\\\/03\\\/cerraduras-de-deposito-546.jpeg\",\"datePublished\":\"2022-03-30T08:36:20+00:00\",\"dateModified\":\"2025-10-28T13:02:44+00:00\",\"description\":\"Double intervention lock for safe deposit boxes with 10,5mm bolt throw. This lock allows the change of renter cylinder.\",\"breadcrumb\":{\"@id\":\"https:\\\/\\\/aga.es\\\/en\\\/producto\\\/cerraduras-con-llave-de-seguridad-546\\\/#breadcrumb\"},\"inLanguage\":\"en-US\",\"potentialAction\":[{\"@type\":\"ReadAction\",\"target\":[\"https:\\\/\\\/aga.es\\\/en\\\/producto\\\/cerraduras-con-llave-de-seguridad-546\\\/\"]}]},{\"@type\":\"ImageObject\",\"inLanguage\":\"en-US\",\"@id\":\"https:\\\/\\\/aga.es\\\/en\\\/producto\\\/cerraduras-con-llave-de-seguridad-546\\\/#primaryimage\",\"url\":\"https:\\\/\\\/aga.es\\\/wp-content\\\/uploads\\\/2022\\\/03\\\/cerraduras-de-deposito-546.jpeg\",\"contentUrl\":\"https:\\\/\\\/aga.es\\\/wp-content\\\/uploads\\\/2022\\\/03\\\/cerraduras-de-deposito-546.jpeg\",\"width\":496,\"height\":496,\"caption\":\"cerraduras-de-deposito-546\"},{\"@type\":\"BreadcrumbList\",\"@id\":\"https:\\\/\\\/aga.es\\\/en\\\/producto\\\/cerraduras-con-llave-de-seguridad-546\\\/#breadcrumb\",\"itemListElement\":[{\"@type\":\"ListItem\",\"position\":1,\"name\":\"Home\",\"item\":\"https:\\\/\\\/aga.es\\\/en\\\/\"},{\"@type\":\"ListItem\",\"position\":2,\"name\":\"Shop\",\"item\":\"https:\\\/\\\/aga.es\\\/en\\\/shop\\\/\"},{\"@type\":\"ListItem\",\"position\":3,\"name\":\"Security key deposit lock 546\"}]},{\"@type\":\"WebSite\",\"@id\":\"https:\\\/\\\/aga.es\\\/#website\",\"url\":\"https:\\\/\\\/aga.es\\\/\",\"name\":\"AGA\",\"description\":\"La industria de la cerrajer\u00eda\",\"potentialAction\":[{\"@type\":\"SearchAction\",\"target\":{\"@type\":\"EntryPoint\",\"urlTemplate\":\"https:\\\/\\\/aga.es\\\/?s={search_term_string}\"},\"query-input\":{\"@type\":\"PropertyValueSpecification\",\"valueRequired\":true,\"valueName\":\"search_term_string\"}}],\"inLanguage\":\"en-US\"}]}<\/script>\n<!-- \/ Yoast SEO plugin. -->","yoast_head_json":{"title":"Security key deposit lock 546 | AGA","description":"Double intervention lock for safe deposit boxes with 10,5mm bolt throw. This lock allows the change of renter cylinder.","robots":{"index":"index","follow":"follow","max-snippet":"max-snippet:-1","max-image-preview":"max-image-preview:large","max-video-preview":"max-video-preview:-1"},"canonical":"https:\/\/aga.es\/en\/producto\/cerraduras-con-llave-de-seguridad-546\/","og_locale":"en_US","og_type":"article","og_title":"Security key deposit lock 546 | AGA","og_description":"Double intervention lock for safe deposit boxes with 10,5mm bolt throw. This lock allows the change of renter cylinder.","og_url":"https:\/\/aga.es\/en\/producto\/cerraduras-con-llave-de-seguridad-546\/","og_site_name":"AGA","article_modified_time":"2025-10-28T13:02:44+00:00","og_image":[{"width":496,"height":496,"url":"https:\/\/aga.es\/wp-content\/uploads\/2022\/03\/cerraduras-de-deposito-546.jpeg","type":"image\/jpeg"}],"twitter_card":"summary_large_image","schema":{"@context":"https:\/\/schema.org","@graph":[{"@type":"WebPage","@id":"https:\/\/aga.es\/en\/producto\/cerraduras-con-llave-de-seguridad-546\/","url":"https:\/\/aga.es\/en\/producto\/cerraduras-con-llave-de-seguridad-546\/","name":"Security key deposit lock 546 | AGA","isPartOf":{"@id":"https:\/\/aga.es\/#website"},"primaryImageOfPage":{"@id":"https:\/\/aga.es\/en\/producto\/cerraduras-con-llave-de-seguridad-546\/#primaryimage"},"image":{"@id":"https:\/\/aga.es\/en\/producto\/cerraduras-con-llave-de-seguridad-546\/#primaryimage"},"thumbnailUrl":"https:\/\/aga.es\/wp-content\/uploads\/2022\/03\/cerraduras-de-deposito-546.jpeg","datePublished":"2022-03-30T08:36:20+00:00","dateModified":"2025-10-28T13:02:44+00:00","description":"Double intervention lock for safe deposit boxes with 10,5mm bolt throw. This lock allows the change of renter cylinder.","breadcrumb":{"@id":"https:\/\/aga.es\/en\/producto\/cerraduras-con-llave-de-seguridad-546\/#breadcrumb"},"inLanguage":"en-US","potentialAction":[{"@type":"ReadAction","target":["https:\/\/aga.es\/en\/producto\/cerraduras-con-llave-de-seguridad-546\/"]}]},{"@type":"ImageObject","inLanguage":"en-US","@id":"https:\/\/aga.es\/en\/producto\/cerraduras-con-llave-de-seguridad-546\/#primaryimage","url":"https:\/\/aga.es\/wp-content\/uploads\/2022\/03\/cerraduras-de-deposito-546.jpeg","contentUrl":"https:\/\/aga.es\/wp-content\/uploads\/2022\/03\/cerraduras-de-deposito-546.jpeg","width":496,"height":496,"caption":"cerraduras-de-deposito-546"},{"@type":"BreadcrumbList","@id":"https:\/\/aga.es\/en\/producto\/cerraduras-con-llave-de-seguridad-546\/#breadcrumb","itemListElement":[{"@type":"ListItem","position":1,"name":"Home","item":"https:\/\/aga.es\/en\/"},{"@type":"ListItem","position":2,"name":"Shop","item":"https:\/\/aga.es\/en\/shop\/"},{"@type":"ListItem","position":3,"name":"Security key deposit lock 546"}]},{"@type":"WebSite","@id":"https:\/\/aga.es\/#website","url":"https:\/\/aga.es\/","name":"AGA","description":"La industria de la cerrajer\u00eda","potentialAction":[{"@type":"SearchAction","target":{"@type":"EntryPoint","urlTemplate":"https:\/\/aga.es\/?s={search_term_string}"},"query-input":{"@type":"PropertyValueSpecification","valueRequired":true,"valueName":"search_term_string"}}],"inLanguage":"en-US"}]}},"_links":{"self":[{"href":"https:\/\/aga.es\/en\/wp-json\/wp\/v2\/product\/5649","targetHints":{"allow":["GET"]}}],"collection":[{"href":"https:\/\/aga.es\/en\/wp-json\/wp\/v2\/product"}],"about":[{"href":"https:\/\/aga.es\/en\/wp-json\/wp\/v2\/types\/product"}],"wp:featuredmedia":[{"embeddable":true,"href":"https:\/\/aga.es\/en\/wp-json\/wp\/v2\/media\/5056"}],"wp:attachment":[{"href":"https:\/\/aga.es\/en\/wp-json\/wp\/v2\/media?parent=5649"}],"wp:term":[{"taxonomy":"product_brand","embeddable":true,"href":"https:\/\/aga.es\/en\/wp-json\/wp\/v2\/product_brand?post=5649"},{"taxonomy":"product_cat","embeddable":true,"href":"https:\/\/aga.es\/en\/wp-json\/wp\/v2\/product_cat?post=5649"},{"taxonomy":"product_tag","embeddable":true,"href":"https:\/\/aga.es\/en\/wp-json\/wp\/v2\/product_tag?post=5649"}],"curies":[{"name":"wp","href":"https:\/\/api.w.org\/{rel}","templated":true}]}}